{"id":1527,"date":"2022-05-25T15:44:37","date_gmt":"2022-05-25T13:44:37","guid":{"rendered":"http:\/\/www.relazionipositive.org\/?page_id=1527"},"modified":"2024-08-19T11:42:41","modified_gmt":"2024-08-19T09:42:41","slug":"trust","status":"publish","type":"page","link":"https:\/\/www.relazionipositive.org\/?page_id=1527","title":{"rendered":"TRUST"},"content":{"rendered":"\n<div class=\"wp-block-themeisle-blocks-advanced-columns has-1-columns has-desktop-equal-layout has-tablet-equal-layout has-mobile-equal-layout has-default-gap has-vertical-unset\" id=\"wp-block-themeisle-blocks-advanced-columns-e3d36a3d\"><div class=\"wp-block-themeisle-blocks-advanced-columns-overlay\"><\/div><div class=\"innerblocks-wrap\">\n<div class=\"wp-block-themeisle-blocks-advanced-column\" id=\"wp-block-themeisle-blocks-advanced-column-35f189ae\">\n<p>L\u2019obiettivo del progetto TRUST (<em>Towards Replicable forms of Support and Tools in crisis situations)<\/em>, finanziato dalla Commissione Europea, \u00e8 approfondire l&#8217;impatto del Covid-19 sulla violenza contro le donne e sul lavoro dei centri antiviolenza. Facendo tesoro di quanto gi\u00e0 messo in campo durante la crisi pandemica, l&#8217;obiettivo \u00e8 quello di sviluppare nuove strategie, pratiche e strumenti in grado di rispondere in maniera sempre pi\u00f9 efficace ai bisogni delle donne in situazioni di violenza, anche di fronte a nuove possibili emergenze.&nbsp;<\/p>\n\n\n\n<p>Partner del progetto insieme a Rel.Azioni Positive sono il Mediterranean Institute of Gender Studies (Cipro), Union of Women Association (Grecia), Fundaci\u00f3 Surt (Spagna), UMAR &#8211; Uni\u00e3o de Mulheres Alternativa e Resposta (Portogallo), Bulgarian Gender Research Foundation (Bulgaria), A\u00d6F &#8211; Verein Autonome \u00d6sterreichische Frauenh\u00e4user (Austria), Association for the Prevention and Handling of Violence in the Family (Cipro), Istituto per la Ricerca Sociale.&nbsp;Per l&#8217;Italia, aderiscono al progetto con lettera di supporto il Comune di Padova e la Regione del Veneto.<\/p>\n\n\n\n<p>Sin dall\u2019inizio della pandemia, i casi di violenza contro le donne, e in particolare di violenza domestica, sono aumentati drasticamente in numerosi paesi, come rilevato dalla rete WAVE. Infatti, il rischio \u00e8 aumentato per le donne non solo a causa delle misure di isolamento messe in atto da numerosi paesi, ma anche a causa della pressione che hanno dovuto affrontare le istituzioni, comprese le forze dell\u2019ordine, i servizi sociali e i tribunali. Questa pressione ha messo in difficolt\u00e0 anche la loro capacit\u00e0 di rispondere in modo efficace alla violenza sulle donne.&nbsp;<\/p>\n\n\n\n<p>Nonostante in molti paesi siano state adottate delle misure per assicurare servizi di supporto alle donne in situazioni di violenza e vulnerabilit\u00e0, le donne che hanno esperienza di diversi tipi di vulnerabilit\u00e0 (come ad esempio donne migranti e rifugiate, o donne con disabilit\u00e0) sono andate incontro a diversi ostacoli nell\u2019accesso a questi servizi.<\/p>\n\n\n\n<p>Gli obiettivi di questo progetto si basano sulle raccomandazioni dell\u2019Istituto Europeo per l\u2019Uguaglianza di Genere (2021), e sono i seguenti:<\/p>\n\n\n\n<ul><li>Valutare le misure adottate dai centri antiviolenza e altri servizi specializzati per le donne (WSS) per la protezione di donne coinvolte in situazioni di violenza e dei\/delle loro figli\/e in tempi di crisi;<\/li><li>Migliorare la capacit\u00e0 e la resilienza dei WSS attraverso lo sviluppo di strumenti di supporto per migliorare la loro sostenibilit\u00e0 in tempi di crisi;<\/li><li>Tenere in considerazione e trovare una soluzione per le difficolt\u00e0 affrontate dai centri antiviolenza, sviluppando pratiche e strumenti di supporto al benessere dello staff in tempi di crisi;<\/li><li>Fornire una piattaforma di condivisione di conoscenze e pratiche tra centri antiviolenza, per renderli pi\u00f9 accessibili a donne e bambini\/e in tempi di crisi;<\/li><li>Comunicare e promuovere i risultati del progetto tra i\/le professionisti\/e del settore, gli <em>stakeholders<\/em> e il pubblico, sia a livello nazionale che europeo.<\/li><\/ul>\n\n\n\n<p>Una sintesi degli obiettivi, delle metodologie e dei principali risultati del progetto TRUST \u00e8 consultabile qui. <\/p>\n\n\n\n<div class=\"wp-block-file\"><a href=\"http:\/\/www.relazionipositive.org\/wp-content\/uploads\/2024\/08\/TRUST-Factsheet-2.pdf\">TRUST Factsheet<\/a><a href=\"http:\/\/www.relazionipositive.org\/wp-content\/uploads\/2024\/08\/TRUST-Factsheet-2.pdf\" class=\"wp-block-file__button\" download>Download<\/a><\/div>\n\n\n\n<p>Il Manual of Change, che raccoglie le innovazioni introdotte nei vari interventi messi in atto all\u2019interno del progetto TRUST, \u00e8 disponibile qui. <\/p>\n\n\n\n<div class=\"wp-block-file\"><a href=\"http:\/\/www.relazionipositive.org\/wp-content\/uploads\/2024\/08\/Manual-of-Change_Translation-IT-2.pdf\">Manual of Change (IT)<\/a><a href=\"http:\/\/www.relazionipositive.org\/wp-content\/uploads\/2024\/08\/Manual-of-Change_Translation-IT-2.pdf\" class=\"wp-block-file__button\" download>Download<\/a><\/div>\n\n\n\n<p>Il Manual of Operation, che raccoglie le linee guida per l&#8217;attuazione delle azioni innovative sperimentate all\u2019interno del progetto TRUST, \u00e8 disponibile qui.<\/p>\n\n\n\n<div class=\"wp-block-file\"><a href=\"http:\/\/www.relazionipositive.org\/wp-content\/uploads\/2024\/08\/D3.3-Manual-Of-Operation-final-version.pdf\">Manual of Operation<\/a><a href=\"http:\/\/www.relazionipositive.org\/wp-content\/uploads\/2024\/08\/D3.3-Manual-Of-Operation-final-version.pdf\" class=\"wp-block-file__button\" download>Download<\/a><\/div>\n\n\n\n<p><\/p>\n<\/div>\n<\/div><\/div>\n\n\n\n<p><\/p>\n","protected":false},"excerpt":{"rendered":"","protected":false},"author":1,"featured_media":0,"parent":0,"menu_order":0,"comment_status":"closed","ping_status":"closed","template":"","meta":{"seo_booster_metabox":"","spay_email":""},"_links":{"self":[{"href":"https:\/\/www.relazionipositive.org\/index.php?rest_route=\/wp\/v2\/pages\/1527"}],"collection":[{"href":"https:\/\/www.relazionipositive.org\/index.php?rest_route=\/wp\/v2\/pages"}],"about":[{"href":"https:\/\/www.relazionipositive.org\/index.php?rest_route=\/wp\/v2\/types\/page"}],"author":[{"embeddable":true,"href":"https:\/\/www.relazionipositive.org\/index.php?rest_route=\/wp\/v2\/users\/1"}],"replies":[{"embeddable":true,"href":"https:\/\/www.relazionipositive.org\/index.php?rest_route=%2Fwp%2Fv2%2Fcomments&post=1527"}],"version-history":[{"count":4,"href":"https:\/\/www.relazionipositive.org\/index.php?rest_route=\/wp\/v2\/pages\/1527\/revisions"}],"predecessor-version":[{"id":2380,"href":"https:\/\/www.relazionipositive.org\/index.php?rest_route=\/wp\/v2\/pages\/1527\/revisions\/2380"}],"wp:attachment":[{"href":"https:\/\/www.relazionipositive.org\/index.php?rest_route=%2Fwp%2Fv2%2Fmedia&parent=1527"}],"curies":[{"name":"wp","href":"https:\/\/api.w.org\/{rel}","templated":true}]}}