{"id":2360,"date":"2024-08-13T12:09:54","date_gmt":"2024-08-13T10:09:54","guid":{"rendered":"http:\/\/www.relazionipositive.org\/?page_id=2360"},"modified":"2024-08-13T12:09:56","modified_gmt":"2024-08-13T10:09:56","slug":"libere-di-essere-noi-servizio-civile-universale","status":"publish","type":"page","link":"https:\/\/www.relazionipositive.org\/?page_id=2360","title":{"rendered":"Libere di essere noi (Servizio Civile Universale)"},"content":{"rendered":"\n<div class=\"wp-block-themeisle-blocks-advanced-columns has-1-columns has-desktop-equal-layout has-tablet-equal-layout has-mobile-equal-layout has-default-gap has-vertical-unset\" id=\"wp-block-themeisle-blocks-advanced-columns-cd9af812\"><div class=\"wp-block-themeisle-blocks-advanced-columns-overlay\"><\/div><div class=\"innerblocks-wrap\">\n<div class=\"wp-block-themeisle-blocks-advanced-column\" id=\"wp-block-themeisle-blocks-advanced-column-0d8b0689\">\n<p>Il Progetto di Servizio Civile Universale 2024 <strong>\u201cLibere di essere noi\u201d<\/strong> ha come obiettivo generale il contrasto alla violenza di genere per la promozione delle pari opportunit\u00e0 tra uomo e donna. Questa missione \u00e8 portata avanti attraverso attivit\u00e0 di accoglienza, informazione, orientamento e sostegno.<\/p>\n\n\n\n<p>In primo luogo, ci si propone di offrire accoglienza alle donne che vivono situazioni di violenza, tramite gli appositi sportelli, sia fisici che online, e fornire loro percorsi di fuoriuscita dalla violenza grazie a servizi di consulenza psicologica e legale. In secondo luogo, si intende sostenere attivit\u00e0 di informazione e sensibilizzazione rivolte alla cittadinanza, sia con campagne che con laboratori, per promuovere una maggiore consapevolezza del fenomeno della violenza, superare gli stereotipi di genere e favorire una cultura della parit\u00e0 di genere in ottica di prevenzione della violenza.<\/p>\n\n\n\n<p>Il Progetto prevede quindi lo svolgimento delle seguenti <strong>azioni<\/strong>:<\/p>\n\n\n\n<p>a) &nbsp; <strong>Sportello aiuto e ascolto<\/strong>: le volontarie partecipano alla gestione delle attivit\u00e0 di accoglienza, comprese gestione dello sportello online e attivit\u00e0 di back-office.<\/p>\n\n\n\n<p>b)  <strong>Laboratori di genere<\/strong>: le volontarie svolgono un ruolo di supporto nella realizzazione di laboratori e seminari formativi sulle pari opportunit\u00e0 rivolti a donne e minori.<\/p>\n\n\n\n<p>c) &nbsp; <strong>Campagne di informazione e sensibilizzazione<\/strong>: le volontarie collaborano nella realizzazione di campagne di informazione e di sensibilizzazione sulla violenza di genere, anche attraverso i principali social media.<\/p>\n\n\n\n<p>Il Progetto \u00e8 realizzato da Rel.Azioni Positive <strong>in collaborazione con AMESCI<\/strong> insieme ad altri enti del territorio nazionale.<\/p>\n<\/div>\n<\/div><\/div>\n\n\n\n<p><\/p>\n","protected":false},"excerpt":{"rendered":"","protected":false},"author":1,"featured_media":0,"parent":0,"menu_order":0,"comment_status":"closed","ping_status":"closed","template":"","meta":{"seo_booster_metabox":"","spay_email":""},"_links":{"self":[{"href":"https:\/\/www.relazionipositive.org\/index.php?rest_route=\/wp\/v2\/pages\/2360"}],"collection":[{"href":"https:\/\/www.relazionipositive.org\/index.php?rest_route=\/wp\/v2\/pages"}],"about":[{"href":"https:\/\/www.relazionipositive.org\/index.php?rest_route=\/wp\/v2\/types\/page"}],"author":[{"embeddable":true,"href":"https:\/\/www.relazionipositive.org\/index.php?rest_route=\/wp\/v2\/users\/1"}],"replies":[{"embeddable":true,"href":"https:\/\/www.relazionipositive.org\/index.php?rest_route=%2Fwp%2Fv2%2Fcomments&post=2360"}],"version-history":[{"count":6,"href":"https:\/\/www.relazionipositive.org\/index.php?rest_route=\/wp\/v2\/pages\/2360\/revisions"}],"predecessor-version":[{"id":2371,"href":"https:\/\/www.relazionipositive.org\/index.php?rest_route=\/wp\/v2\/pages\/2360\/revisions\/2371"}],"wp:attachment":[{"href":"https:\/\/www.relazionipositive.org\/index.php?rest_route=%2Fwp%2Fv2%2Fmedia&parent=2360"}],"curies":[{"name":"wp","href":"https:\/\/api.w.org\/{rel}","templated":true}]}}