{"id":2372,"date":"2024-08-13T12:13:37","date_gmt":"2024-08-13T10:13:37","guid":{"rendered":"http:\/\/www.relazionipositive.org\/?page_id=2372"},"modified":"2024-08-13T12:13:39","modified_gmt":"2024-08-13T10:13:39","slug":"lesvia-linea-lesbica-antiviolenza","status":"publish","type":"page","link":"https:\/\/www.relazionipositive.org\/?page_id=2372","title":{"rendered":"Lesv\u00eca &#8211; Linea Lesbica Antiviolenza"},"content":{"rendered":"\n<div class=\"wp-block-themeisle-blocks-advanced-columns has-1-columns has-desktop-equal-layout has-tablet-equal-layout has-mobile-equal-layout has-default-gap has-vertical-unset\" id=\"wp-block-themeisle-blocks-advanced-columns-51ca9304\"><div class=\"wp-block-themeisle-blocks-advanced-columns-overlay\"><\/div><div class=\"innerblocks-wrap\">\n<div class=\"wp-block-themeisle-blocks-advanced-column\" id=\"wp-block-themeisle-blocks-advanced-column-1267282e\">\n<p>La violenza nelle relazioni lesbiche \u00e8 un fenomeno sottovalutato e poco riconosciuto, spesso a causa di una visione eterocispatriarcale delle relazioni intime e di stereotipi legati alla mascolinit\u00e0, femminilit\u00e0 e relazioni eterosessuali. Il Centro Veneto Progetti Donna e la cooperativa Rel.Azioni Positive hanno avviato percorsi di prevenzione e contrasto alla violenza nelle relazioni lesbiche, orientata ad agire sulle barriere specifiche che le donne LBT affrontano sia in termini di consapevolizzazione (e quindi la capacit\u00e0 di riconoscere le situazioni che stanno vivendo) sia in termini di possibilit\u00e0 di avanzare richieste di aiuto e supporto. In questo contesto \u00e8 nata la linea Lesv\u00eca, uno spazio dedicato alle donne LBT con vissuti di violenza che si prefigge di divenire un punto di riferimento nel territorio di Padova e provincia per le donne LBT, la comunit\u00e0 LBTQIA+, la rete territoriale e la cittadinanza tutta.&nbsp;<\/p>\n\n\n\n<p>Il Progetto<strong> \u201cLesv\u00eca &#8211; Linea Lesbica Antiviolenza\u201d<\/strong> ha come obiettivo quello di garantire uno spazio di ascolto per le donne LBT con vissuti di violenza, offrendo altres\u00ec forme di accoglienza rispondenti ai loro bisogni specifici, mirando ad aumentare la conoscenza del fenomeno della violenza nelle relazioni lesbiche e fornire sostegno alle attivit\u00e0 della linea Lesv\u00eca, promuovendone la conoscenza e la diffusione.<\/p>\n\n\n\n<p>Nello specifico, il Progetto prevede:<\/p>\n\n\n\n<ul><li>il sostegno all\u2019attivit\u00e0 di ascolto e sostegno alle donne LBT del territorio di Padova e provincia realizzate dalla linea Lesvia;<\/li><li>la diffusione delle informazioni rispetto alla linea Lesv\u00eca, tramite distribuzione di materiale informativo e campagne di sensibilizzazione;<\/li><li>la realizzazione di incontri di sensibilizzazione e informazione rivolti alla comunit\u00e0 LBT e alla cittadinanza in generale sulla violenza nelle relazioni lesbiche e sul supporto offerto dalla linea Lesv\u00eca;<\/li><li>la formazione rivolta sia alle operatrici dei Centri antiviolenza e Case rifugio sia agli stakeholders del territorio sul tema della violenza nelle relazioni lesbiche e sulle pratiche di accoglienza.<\/li><\/ul>\n\n\n\n<p>Il <strong>Progetto \u00e8 sostenuto con i fondi Otto per Mille della Chiesa Valdese<\/strong> ed \u00e8 realizzato dall\u2019Associazione Centro Veneto Progetti Donna in partenariato con la Cooperativa Rel.Azioni Positive.<\/p>\n<\/div>\n<\/div><\/div>\n","protected":false},"excerpt":{"rendered":"","protected":false},"author":1,"featured_media":0,"parent":0,"menu_order":0,"comment_status":"closed","ping_status":"closed","template":"","meta":{"seo_booster_metabox":"","spay_email":""},"_links":{"self":[{"href":"https:\/\/www.relazionipositive.org\/index.php?rest_route=\/wp\/v2\/pages\/2372"}],"collection":[{"href":"https:\/\/www.relazionipositive.org\/index.php?rest_route=\/wp\/v2\/pages"}],"about":[{"href":"https:\/\/www.relazionipositive.org\/index.php?rest_route=\/wp\/v2\/types\/page"}],"author":[{"embeddable":true,"href":"https:\/\/www.relazionipositive.org\/index.php?rest_route=\/wp\/v2\/users\/1"}],"replies":[{"embeddable":true,"href":"https:\/\/www.relazionipositive.org\/index.php?rest_route=%2Fwp%2Fv2%2Fcomments&post=2372"}],"version-history":[{"count":1,"href":"https:\/\/www.relazionipositive.org\/index.php?rest_route=\/wp\/v2\/pages\/2372\/revisions"}],"predecessor-version":[{"id":2373,"href":"https:\/\/www.relazionipositive.org\/index.php?rest_route=\/wp\/v2\/pages\/2372\/revisions\/2373"}],"wp:attachment":[{"href":"https:\/\/www.relazionipositive.org\/index.php?rest_route=%2Fwp%2Fv2%2Fmedia&parent=2372"}],"curies":[{"name":"wp","href":"https:\/\/api.w.org\/{rel}","templated":true}]}}