{"id":48,"date":"2019-07-17T15:37:46","date_gmt":"2019-07-17T13:37:46","guid":{"rendered":"http:\/\/www.relazionipositive.org\/?page_id=48"},"modified":"2025-10-06T12:26:25","modified_gmt":"2025-10-06T10:26:25","slug":"progetti-2","status":"publish","type":"page","link":"https:\/\/www.relazionipositive.org\/?page_id=48","title":{"rendered":"Progetti"},"content":{"rendered":"\n<p> <strong>In corso<\/strong><\/p>\n\n\n\n<ul><li><a href=\"http:\/\/www.relazionipositive.org\/?p=2792\" data-type=\"URL\" data-id=\"http:\/\/www.relazionipositive.org\/?p=2792\">Next to Her<\/a><\/li><\/ul>\n\n\n\n<ul><li><a href=\"http:\/\/www.relazionipositive.org\/?page_id=2412\" data-type=\"URL\" data-id=\"http:\/\/www.relazionipositive.org\/?page_id=2412\">TESSERE &#8211; Tessere Saperi Specifici e Riconoscere Esperienze<\/a><\/li><\/ul>\n\n\n\n<ul><li><a href=\"http:\/\/www.relazionipositive.org\/?page_id=1596\">Orphan of Femicide Invisible Victim<\/a><br>Orfani\/e di femminicidio Vittime Invisibili<\/li><\/ul>\n\n\n\n<ul><li><a href=\"http:\/\/www.relazionipositive.org\/?page_id=2360\" data-type=\"URL\" data-id=\"http:\/\/www.relazionipositive.org\/?page_id=2360\">Libere di essere noi (Servizio civile universale)<\/a><\/li><\/ul>\n\n\n\n<div class=\"wp-block-group\"><div class=\"wp-block-group__inner-container\"><\/div><\/div>\n\n\n\n<hr class=\"wp-block-separator\"\/>\n\n\n\n<p><strong>Conclusi<\/strong><\/p>\n\n\n\n<ul><li><a href=\"http:\/\/www.relazionipositive.org\/?page_id=2372\" data-type=\"URL\" data-id=\"http:\/\/www.relazionipositive.org\/?page_id=2372\">Lesv\u00eca &#8211; Linea Lesbica Antiviolenza<\/a><\/li><\/ul>\n\n\n\n<ul><li><a href=\"http:\/\/www.relazionipositive.org\/?p=1895\">Melitea. Rinascere libere<\/a> <br>Donne anziane libere dalla violenza<\/li><\/ul>\n\n\n\n<ul id=\"block-7997aef4-81b9-4353-b90c-7ed8bf0c1bd2\"><li><a href=\"http:\/\/www.relazionipositive.org\/?page_id=1527\">TRUST<\/a><br>Towards Replicable forms of Support and Tools in crisis situations<\/li><\/ul>\n\n\n\n<ul><li><a href=\"http:\/\/www.relazionipositive.org\/?p=1958\">La citt\u00e0 dei diritti: le donne al Centro<\/a><\/li><\/ul>\n\n\n\n<ul id=\"block-09cc6553-e635-47c6-b606-0b515eca1048\"><li><a href=\"http:\/\/www.relazionipositive.org\/?p=1903\">Intrecci 4 stagioni<\/a><br>Eventi di comunit\u00e0 nel rione Palestro<\/li><\/ul>\n\n\n\n<ul><li><a href=\"http:\/\/www.relazionipositive.org\/?p=1653\">Basta stare zitte, parliamone<\/a><br>Un progetto di servizio civile universale<\/li><\/ul>\n\n\n\n<ul><li><a href=\"http:\/\/www.relazionipositive.org\/?page_id=1302\">Ri-Partenze<br><\/a>Percorsi di uscita dalla violenza, verso una vita autonoma<\/li><\/ul>\n\n\n\n<ul><li><a href=\"http:\/\/www.relazionipositive.org\/?page_id=1546\">Ragazze al 5<\/a><br>Un progetto per incrementare il senso di inclusione sociale nel Quartiere 5B.<\/li><\/ul>\n\n\n\n<ul><li><a href=\"http:\/\/www.relazionipositive.org\/?page_id=1646\">D&amp;D<\/a><br>Donne e Diritti Umani al Centro<\/li><\/ul>\n\n\n\n<ul><li><a href=\"http:\/\/www.relazionipositive.org\/?page_id=1723\">In campo per l&#8217;inclusione<\/a><br>Per costruire una nuova socialit\u00e0 all\u2019interno del Rione Palestro<\/li><\/ul>\n\n\n\n<ul><li><a href=\"http:\/\/www.relazionipositive.org\/?page_id=1445\">TREE<\/a><br>Tessere Relazioni Educative di Empowerment<\/li><\/ul>\n\n\n\n<ul><li><a href=\"http:\/\/www.relazionipositive.org\/?page_id=1208\">WE GO 3<\/a><br>Un progetto europeo per favorire l&#8217;empowerment economico delle donne coinvolte in situazioni di violenza.<\/li><\/ul>\n\n\n\n<ul><li><a href=\"http:\/\/www.relazionipositive.org\/?page_id=1716\">Intrecci in Piazza tutto l&#8217;anno<\/a><br>Eventi di comunit\u00e0 nel rione Palestro<\/li><\/ul>\n\n\n\n<ul><li><a href=\"http:\/\/www.relazionipositive.org\/?page_id=1212\">DALIA<\/a><br>Donne anziane libere dalla violenza<\/li><\/ul>\n\n\n\n<ul><li><a href=\"http:\/\/www.relazionipositive.org\/?page_id=1451\" data-type=\"URL\" data-id=\"http:\/\/www.relazionipositive.org\/?page_id=1451\">Centro antiviolenza in 3D<br><\/a>Donne Difensore dei Diritti umani delle donne<\/li><\/ul>\n\n\n\n<ul><li><a href=\"http:\/\/www.relazionipositive.org\/?page_id=91\">WE GO 2<\/a><br>Un progetto europeo per favorire l&#8217;empowerment economico delle donne coinvolte in situazioni di violenza.<\/li><\/ul>\n\n\n\n<ul><li><a href=\"http:\/\/www.relazionipositive.org\/?page_id=96\">Seconde a nessuno<\/a><br>Un progetto di contrasto alla violenza contro le donne dedicato a donne migranti di prima e seconda generazione presenti nel territorio padovano<\/li><\/ul>\n\n\n\n<ul><li><a href=\"http:\/\/www.relazionipositive.org\/?page_id=87\">L&#8217;Otto Per Tutte<\/a><br>Un progetto di comunicazione, finanziato dalla Regione del Veneto, dedicato ad&nbsp;accrescere la conoscenza del fenomeno della violenza contro le donne, degli stereotipi di genere e dei servizi anti-violenza del territorio <\/li><\/ul>\n\n\n\n<ul><li><a href=\"http:\/\/www.relazionipositive.org\/?page_id=98\">Donne al 5<\/a><br>Con questo progetto puntiamo a rendere pi\u00f9 vivibile e ricco di novit\u00e0 e il quartiere 5, offrendo occasioni di svago, di approfondimento culturale, di socialit\u00e0 e miglioramento della conoscenza reciproca<\/li><\/ul>\n","protected":false},"excerpt":{"rendered":"<p>In corso Next to Her TESSERE &#8211; Tessere Saperi Specifici e Riconoscere Esperienze Orphan of Femicide Invisible VictimOrfani\/e di femminicidio Vittime Invisibili Libere di essere noi (Servizio civile universale) Conclusi Lesv\u00eca &#8211; Linea Lesbica Antiviolenza Melitea. Rinascere libere Donne anziane libere dalla violenza TRUSTTowards Replicable forms of Support and Tools [&hellip;]<\/p>\n","protected":false},"author":1,"featured_media":0,"parent":0,"menu_order":0,"comment_status":"closed","ping_status":"closed","template":"","meta":{"seo_booster_metabox":"","spay_email":""},"_links":{"self":[{"href":"https:\/\/www.relazionipositive.org\/index.php?rest_route=\/wp\/v2\/pages\/48"}],"collection":[{"href":"https:\/\/www.relazionipositive.org\/index.php?rest_route=\/wp\/v2\/pages"}],"about":[{"href":"https:\/\/www.relazionipositive.org\/index.php?rest_route=\/wp\/v2\/types\/page"}],"author":[{"embeddable":true,"href":"https:\/\/www.relazionipositive.org\/index.php?rest_route=\/wp\/v2\/users\/1"}],"replies":[{"embeddable":true,"href":"https:\/\/www.relazionipositive.org\/index.php?rest_route=%2Fwp%2Fv2%2Fcomments&post=48"}],"version-history":[{"count":35,"href":"https:\/\/www.relazionipositive.org\/index.php?rest_route=\/wp\/v2\/pages\/48\/revisions"}],"predecessor-version":[{"id":2797,"href":"https:\/\/www.relazionipositive.org\/index.php?rest_route=\/wp\/v2\/pages\/48\/revisions\/2797"}],"wp:attachment":[{"href":"https:\/\/www.relazionipositive.org\/index.php?rest_route=%2Fwp%2Fv2%2Fmedia&parent=48"}],"curies":[{"name":"wp","href":"https:\/\/api.w.org\/{rel}","templated":true}]}}